{"id":61,"date":"2023-03-09T21:11:05","date_gmt":"2023-03-09T21:11:05","guid":{"rendered":"https:\/\/sbronkbygg.com\/?page_id=61"},"modified":"2023-03-20T20:53:46","modified_gmt":"2023-03-20T20:53:46","slug":"begar-offert","status":"publish","type":"page","link":"https:\/\/sbronkbygg.com\/?page_id=61","title":{"rendered":"Beg\u00e4r Offert"},"content":{"rendered":"\n<p>F\u00f6r att kunna hj\u00e4lpa dig p\u00e5 b\u00e4sta m\u00f6jliga s\u00e4tt beh\u00f6ver vi lite information.<\/p>\n\n\n\n<p>Beskriv kort vilket arbete som ska utf\u00f6ras och gl\u00f6m inte att ange adressen.<\/p>\n\n\n\n<p>Du kan kontakta oss via formul\u00e4ret eller skicka ett mejl till  <a rel=\"noreferrer noopener\" href=\"mailto:offert@sbronkbygg.com\" target=\"_blank\">offert@sbronkbygg.com<\/a>  <\/p>\n\n\n\n<p>Genom att du v\u00e4ljer att vara v\u00e5r kund s\u00e5 godk\u00e4nner du sj\u00e4lvmant att vi samlar in dina personuppgifter enligt bokf\u00f6ringslagen. <\/p>\n\n\n\n<p>Du kan l\u00e4sa mer  <a href=\"https:\/\/sbronkbygg.com\/?page_id=3\" data-type=\"URL\" data-id=\"https:\/\/sbronkbygg.com\/?page_id=3\">>>> H\u00c4R &lt;&lt;&lt;<\/a><\/p>\n\n\n\n<div class=\"wp-block-contact-form-7-contact-form-selector\">\n<div class=\"wpcf7 no-js\" id=\"wpcf7-f101-o1\" lang=\"sv-SE\" dir=\"ltr\">\n<div class=\"screen-reader-response\"><p role=\"status\" aria-live=\"polite\" aria-atomic=\"true\"><\/p> <ul><\/ul><\/div>\n<form action=\"\/index.php?rest_route=%2Fwp%2Fv2%2Fpages%2F61#wpcf7-f101-o1\" method=\"post\" class=\"wpcf7-form init\" aria-label=\"Kontaktformul\u00e4r\" novalidate=\"novalidate\" data-status=\"init\">\n<div style=\"display: none;\">\n<input type=\"hidden\" name=\"_wpcf7\" value=\"101\" \/>\n<input type=\"hidden\" name=\"_wpcf7_version\" value=\"5.9.3\" \/>\n<input type=\"hidden\" name=\"_wpcf7_locale\" value=\"sv_SE\" \/>\n<input type=\"hidden\" name=\"_wpcf7_unit_tag\" value=\"wpcf7-f101-o1\" \/>\n<input type=\"hidden\" name=\"_wpcf7_container_post\" value=\"0\" \/>\n<input type=\"hidden\" name=\"_wpcf7_posted_data_hash\" value=\"\" \/>\n<input type=\"hidden\" name=\"_wpcf7_recaptcha_response\" value=\"\" \/>\n<\/div>\n<p><label> Ditt namn<br \/>\n<span class=\"wpcf7-form-control-wrap\" data-name=\"your-name\"><input size=\"40\" class=\"wpcf7-form-control wpcf7-text wpcf7-validates-as-required\" autocomplete=\"name\" aria-required=\"true\" aria-invalid=\"false\" value=\"\" type=\"text\" name=\"your-name\" \/><\/span> <\/label><br \/>\n<label> Mobil<br \/>\n<span class=\"wpcf7-form-control-wrap\" data-name=\"tel-518\"><input size=\"40\" class=\"wpcf7-form-control wpcf7-tel wpcf7-validates-as-required wpcf7-text wpcf7-validates-as-tel\" aria-required=\"true\" aria-invalid=\"false\" value=\"\" type=\"tel\" name=\"tel-518\" \/><\/span><br \/>\n<\/label><br \/>\n<label> Din e-post<br \/>\n<span class=\"wpcf7-form-control-wrap\" data-name=\"your-email\"><input size=\"40\" class=\"wpcf7-form-control wpcf7-email wpcf7-validates-as-required wpcf7-text wpcf7-validates-as-email\" autocomplete=\"email\" aria-required=\"true\" aria-invalid=\"false\" value=\"\" type=\"email\" name=\"your-email\" \/><\/span> <\/label><br \/>\n<label> \u00c4mne<br \/>\n<span class=\"wpcf7-form-control-wrap\" data-name=\"your-subject\"><input size=\"40\" class=\"wpcf7-form-control wpcf7-text wpcf7-validates-as-required\" aria-required=\"true\" aria-invalid=\"false\" value=\"\" type=\"text\" name=\"your-subject\" \/><\/span> <\/label>\n<\/p>\n<p><label> Ditt meddelande<br \/>\n<span class=\"wpcf7-form-control-wrap\" data-name=\"your-message\"><textarea cols=\"40\" rows=\"10\" class=\"wpcf7-form-control wpcf7-textarea\" aria-invalid=\"false\" name=\"your-message\"><\/textarea><\/span> <\/label><br \/>\n<input class=\"wpcf7-form-control wpcf7-submit has-spinner\" type=\"submit\" value=\"Skicka\" \/>\n<\/p><div class=\"wpcf7-response-output\" aria-hidden=\"true\"><\/div>\n<\/form>\n<\/div>\n<\/div>\n","protected":false},"excerpt":{"rendered":"<p>F\u00f6r att kunna hj\u00e4lpa dig p\u00e5 b\u00e4sta m\u00f6jliga s\u00e4tt beh\u00f6ver vi lite information. Beskriv kort vilket arbete som ska utf\u00f6ras och gl\u00f6m inte att ange adressen. Du kan kontakta oss via formul\u00e4ret eller skicka ett mejl till offert@sbronkbygg.com Genom att du v\u00e4ljer att vara v\u00e5r kund s\u00e5 godk\u00e4nner du sj\u00e4lvmant att vi samlar in dina [&hellip;]<\/p>\n","protected":false},"author":1,"featured_media":0,"parent":0,"menu_order":0,"comment_status":"closed","ping_status":"closed","template":"","meta":{"_eb_attr":"","footnotes":""},"_links":{"self":[{"href":"https:\/\/sbronkbygg.com\/index.php?rest_route=\/wp\/v2\/pages\/61"}],"collection":[{"href":"https:\/\/sbronkbygg.com\/index.php?rest_route=\/wp\/v2\/pages"}],"about":[{"href":"https:\/\/sbronkbygg.com\/index.php?rest_route=\/wp\/v2\/types\/page"}],"author":[{"embeddable":true,"href":"https:\/\/sbronkbygg.com\/index.php?rest_route=\/wp\/v2\/users\/1"}],"replies":[{"embeddable":true,"href":"https:\/\/sbronkbygg.com\/index.php?rest_route=%2Fwp%2Fv2%2Fcomments&post=61"}],"version-history":[{"count":12,"href":"https:\/\/sbronkbygg.com\/index.php?rest_route=\/wp\/v2\/pages\/61\/revisions"}],"predecessor-version":[{"id":159,"href":"https:\/\/sbronkbygg.com\/index.php?rest_route=\/wp\/v2\/pages\/61\/revisions\/159"}],"wp:attachment":[{"href":"https:\/\/sbronkbygg.com\/index.php?rest_route=%2Fwp%2Fv2%2Fmedia&parent=61"}],"curies":[{"name":"wp","href":"https:\/\/api.w.org\/{rel}","templated":true}]}}