{"id":2,"date":"2023-03-08T19:38:08","date_gmt":"2023-03-08T19:38:08","guid":{"rendered":"https:\/\/sbronkbygg.com\/?page_id=2"},"modified":"2023-03-10T11:42:30","modified_gmt":"2023-03-10T11:42:30","slug":"sample-page","status":"publish","type":"page","link":"https:\/\/sbronkbygg.com\/?page_id=2","title":{"rendered":"Om oss"},"content":{"rendered":"\n<p>Slawek Bronk startare f\u00f6retaget 2011<\/p>\n\n\n\n<p>Fr\u00e5n 2021 &#8211;<strong> S.Bronk Bygg AB<\/strong>, vi \u00e4r litet byggf\u00f6retag som v\u00e4xer hela tiden.<\/p>\n\n\n\n<p>Vi erbjuder totalentreprenad, kompletta tj\u00e4nster s\u00e5 att du som kund bara beh\u00f6ver en kontakt och en faktura. Du kan f\u00e5 hj\u00e4lp med allt inom byggarbeten s\u00e5 som bland annat gjuta platta, renoverning, utbyggnader, k\u00f6ksmontering, badrum, golvl\u00e4ggning, takl\u00e4ggning, vvs, el, etc.<\/p>\n\n\n\n<p> ROT-avdrag erbjuds till dig som har r\u00e4tt till det.<\/p>\n\n\n\n<blockquote class=\"wp-block-quote\">\n<p>Efter n\u00e4stan 20 \u00e5r i byggbranschen best\u00e4mde jag mig f\u00f6r att skapa ett eget f\u00f6retag. I dag vi jobbar \u00e5t f\u00f6retag och privatpersoner. Vi jobbar f\u00f6r du som kund ska bli 100% n\u00f6jd.<\/p>\n<\/blockquote>\n\n\n\n<p><\/p>\n","protected":false},"excerpt":{"rendered":"<p>Slawek Bronk startare f\u00f6retaget 2011 Fr\u00e5n 2021 &#8211; S.Bronk Bygg AB, vi \u00e4r litet byggf\u00f6retag som v\u00e4xer hela tiden. Vi erbjuder totalentreprenad, kompletta tj\u00e4nster s\u00e5 att du som kund bara beh\u00f6ver en kontakt och en faktura. Du kan f\u00e5 hj\u00e4lp med allt inom byggarbeten s\u00e5 som bland annat gjuta platta, renoverning, utbyggnader, k\u00f6ksmontering, badrum, golvl\u00e4ggning, [&hellip;]<\/p>\n","protected":false},"author":1,"featured_media":0,"parent":0,"menu_order":0,"comment_status":"closed","ping_status":"open","template":"","meta":{"_eb_attr":"","footnotes":""},"_links":{"self":[{"href":"https:\/\/sbronkbygg.com\/index.php?rest_route=\/wp\/v2\/pages\/2"}],"collection":[{"href":"https:\/\/sbronkbygg.com\/index.php?rest_route=\/wp\/v2\/pages"}],"about":[{"href":"https:\/\/sbronkbygg.com\/index.php?rest_route=\/wp\/v2\/types\/page"}],"author":[{"embeddable":true,"href":"https:\/\/sbronkbygg.com\/index.php?rest_route=\/wp\/v2\/users\/1"}],"replies":[{"embeddable":true,"href":"https:\/\/sbronkbygg.com\/index.php?rest_route=%2Fwp%2Fv2%2Fcomments&post=2"}],"version-history":[{"count":8,"href":"https:\/\/sbronkbygg.com\/index.php?rest_route=\/wp\/v2\/pages\/2\/revisions"}],"predecessor-version":[{"id":86,"href":"https:\/\/sbronkbygg.com\/index.php?rest_route=\/wp\/v2\/pages\/2\/revisions\/86"}],"wp:attachment":[{"href":"https:\/\/sbronkbygg.com\/index.php?rest_route=%2Fwp%2Fv2%2Fmedia&parent=2"}],"curies":[{"name":"wp","href":"https:\/\/api.w.org\/{rel}","templated":true}]}}